{"id":975,"date":"2020-05-28T09:59:33","date_gmt":"2020-05-28T07:59:33","guid":{"rendered":"https:\/\/www.amt-warnow-west.de\/leichte-sprache\/?page_id=975"},"modified":"2024-08-13T10:34:34","modified_gmt":"2024-08-13T08:34:34","slug":"personalausweis","status":"publish","type":"page","link":"https:\/\/www.amt-warnow-west.de\/leichte-sprache\/personalausweis\/","title":{"rendered":"Personalausweis"},"content":{"rendered":"<div id='av_section_1'  class='avia-section av-urx3y-6044255cab96b55648ba6d3a70f67d88 main_color avia-section-default avia-no-border-styling  avia-builder-el-0  avia-builder-el-no-sibling  avia-bg-style-scroll container_wrap fullsize'  ><div class='container av-section-cont-open' ><main  role=\"main\" itemprop=\"mainContentOfPage\"  class='template-page content  av-content-full alpha units'><div class='post-entry post-entry-type-page post-entry-975'><div class='entry-content-wrapper clearfix'>\n\n<style type=\"text\/css\" data-created_by=\"avia_inline_auto\" id=\"style-css-av-av_heading-8722d134e57608fa4a60b4b1d194a6fc\">\n#top .av-special-heading.av-av_heading-8722d134e57608fa4a60b4b1d194a6fc{\npadding-bottom:10px;\n}\nbody .av-special-heading.av-av_heading-8722d134e57608fa4a60b4b1d194a6fc .av-special-heading-tag .heading-char{\nfont-size:25px;\n}\n.av-special-heading.av-av_heading-8722d134e57608fa4a60b4b1d194a6fc .av-subheading{\nfont-size:15px;\n}\n<\/style>\n<div  class='av-special-heading av-av_heading-8722d134e57608fa4a60b4b1d194a6fc av-special-heading-h1 blockquote modern-quote modern-centered  avia-builder-el-1  el_before_av_hr  avia-builder-el-first '><h1 class='av-special-heading-tag '  itemprop=\"headline\"  >Personalausweis beantragen<\/h1><div class=\"special-heading-border\"><div class=\"special-heading-inner-border\"><\/div><\/div><\/div>\n\n<style type=\"text\/css\" data-created_by=\"avia_inline_auto\" id=\"style-css-av-mfefq-488c8e8d7f9ef3e07ef57f2e182cbbc3\">\n#top .hr.av-mfefq-488c8e8d7f9ef3e07ef57f2e182cbbc3{\nmargin-top:30px;\nmargin-bottom:30px;\n}\n.hr.av-mfefq-488c8e8d7f9ef3e07ef57f2e182cbbc3 .hr-inner{\nwidth:100px;\nborder-color:#006caf;\n}\n<\/style>\n<div  class='hr av-mfefq-488c8e8d7f9ef3e07ef57f2e182cbbc3 hr-custom  avia-builder-el-2  el_after_av_heading  el_before_av_two_third  hr-center hr-icon-no'><span class='hr-inner inner-border-av-border-thin'><span class=\"hr-inner-style\"><\/span><\/span><\/div>\n\n<style type=\"text\/css\" data-created_by=\"avia_inline_auto\" id=\"style-css-av-158na-17cfbb7ef5fc18b0512ced43eb611183\">\n.flex_column.av-158na-17cfbb7ef5fc18b0512ced43eb611183{\nborder-radius:0px 0px 0px 0px;\npadding:0px 0px 0px 0px;\n}\n<\/style>\n<div  class='flex_column av-158na-17cfbb7ef5fc18b0512ced43eb611183 av_two_third  avia-builder-el-3  el_after_av_hr  el_before_av_one_third  first av-break-at-tablet flex_column_div av-zero-column-padding  '     ><section  class='av_textblock_section av-k9jubuee-bb74d3a8afe8ebdae2f2f946937bbdb6 '   itemscope=\"itemscope\" itemtype=\"https:\/\/schema.org\/CreativeWork\" ><div class='avia_textblock'  itemprop=\"text\" ><p><img loading=\"lazy\" decoding=\"async\" class=\"alignleft size-full wp-image-1132\" src=\"https:\/\/www.amt-warnow-west.de\/leichte-sprache\/wp-content\/uploads\/Personal-Ausweis-cKassing-Probebild.jpg\" alt=\"Personal-Ausweis\" width=\"300\" height=\"300\" srcset=\"https:\/\/www.amt-warnow-west.de\/leichte-sprache\/wp-content\/uploads\/Personal-Ausweis-cKassing-Probebild.jpg 300w, https:\/\/www.amt-warnow-west.de\/leichte-sprache\/wp-content\/uploads\/Personal-Ausweis-cKassing-Probebild-80x80.jpg 80w, https:\/\/www.amt-warnow-west.de\/leichte-sprache\/wp-content\/uploads\/Personal-Ausweis-cKassing-Probebild-36x36.jpg 36w, https:\/\/www.amt-warnow-west.de\/leichte-sprache\/wp-content\/uploads\/Personal-Ausweis-cKassing-Probebild-180x180.jpg 180w\" sizes=\"auto, (max-width: 300px) 100vw, 300px\" \/>Alle Deutschen m\u00fcssen einen <span class='tooltipsall tooltipsincontent classtoolTips5'>Ausweis<\/span> haben wenn sie 16 Jahre alt sind und der allgemeinen Melde-Pflicht unterliegen.<\/p>\n<p>Sie m\u00fcssen den Personalausweis auf Verlangen zeigen.<\/p>\n<p>Zum Beispiel bei der Polizei, einer Melde-Beh\u00f6rde oder wenn Sie in ein anderes Land reisen m\u00f6chten.<\/p>\n<p>F\u00fcr einen Personalausweis m\u00fcssen Sie einen Antrag stellen. Daf\u00fcr m\u00fcssen Sie selber zu uns ins Amt kommen.<\/p>\n<\/div><\/section><\/div>\n<style type=\"text\/css\" data-created_by=\"avia_inline_auto\" id=\"style-css-av-kaphsy90-7ef513345b7b8d0736d01ca2c4860839\">\n.flex_column.av-kaphsy90-7ef513345b7b8d0736d01ca2c4860839{\nborder-width:2px;\nborder-color:#002860;\nborder-style:solid;\nborder-radius:0px 0px 0px 0px;\npadding:30px 30px 30px 30px;\n}\n<\/style>\n<div  class='flex_column av-kaphsy90-7ef513345b7b8d0736d01ca2c4860839 av_one_third  avia-builder-el-5  el_after_av_two_third  el_before_av_hr  av-break-at-tablet flex_column_div  '     ><section  class='av_textblock_section av-kaphsgk7-6abce8789e1f96a09fd64c9bb91bd8c7 '   itemscope=\"itemscope\" itemtype=\"https:\/\/schema.org\/CreativeWork\" ><div class='avia_textblock'  itemprop=\"text\" ><h3><img loading=\"lazy\" decoding=\"async\" class=\"alignnone size-full wp-image-1023\" src=\"https:\/\/www.amt-warnow-west.de\/leichte-sprache\/wp-content\/uploads\/Ansprechpartner.png\" alt=\"Ihre Ansprech-Partner im Amt Warnow-West.\" width=\"248\" height=\"194\" \/><\/h3>\n<h3>Haben Sie Frage oder<br \/>\nben\u00f6tigen Sie Hilfe?<\/h3>\n<p><strong>Bei Fragen zum Thema Personalausweis wenden Sie sich bitte an:<\/strong><br \/>\nFrau Pohl, Frau Grupe<br \/>\nTelefon: 038207 \u2013 63362<br \/>\nTelefon: 038207 \u2013 63363<br \/>\nTelefon: 038207 \u2013 63364<br \/>\nE-Mail: <a href=\"mailto:meldewesen@warnow-west.de\">meldewesen@warnow-west.de<\/a><\/p>\n<div class=\"avia-button-wrap avia-button-left avia-builder-el-30 avia-builder-el-no-sibling \"><\/div>\n<\/div><\/section><\/div>\n<style type=\"text\/css\" data-created_by=\"avia_inline_auto\" id=\"style-css-av-kachocvk-97fdc527240c58199f885ce1f7a96afa\">\n#top .hr.hr-invisible.av-kachocvk-97fdc527240c58199f885ce1f7a96afa{\nheight:30px;\n}\n<\/style>\n<div  class='hr av-kachocvk-97fdc527240c58199f885ce1f7a96afa hr-invisible  avia-builder-el-7  el_after_av_one_third  el_before_av_one_full '><span class='hr-inner '><span class=\"hr-inner-style\"><\/span><\/span><\/div>\n\n<style type=\"text\/css\" data-created_by=\"avia_inline_auto\" id=\"style-css-av-cud1c-17aa00a7b0118438962ae29caa4aeb20\">\n.flex_column.av-cud1c-17aa00a7b0118438962ae29caa4aeb20{\nborder-radius:0px 0px 0px 0px;\npadding:0px 0px 0px 0px;\n}\n<\/style>\n<div  class='flex_column av-cud1c-17aa00a7b0118438962ae29caa4aeb20 av_one_full  avia-builder-el-8  el_after_av_hr  el_before_av_one_full  first flex_column_div av-zero-column-padding  '     ><section  class='av_textblock_section av-kapi61ro-66636196a92c56cb3f57c28322c52a05 '   itemscope=\"itemscope\" itemtype=\"https:\/\/schema.org\/CreativeWork\" ><div class='avia_textblock'  itemprop=\"text\" ><h3>Wer noch nicht 16 Jahre alt ist<\/h3>\n<p>Bei Personen die noch nicht 16 Jahren alt sind, muss der Antrag zusammen mit den Sorge-Berechtigten gestellt werden.<br \/>\nWenn nur ein Sorge-Berechtigter dabei ist, muss ein Formular mitgebracht werden.<br \/>\nDieses Formular muss der andere Sorge-Berechtigte ausf\u00fcllen.<\/p>\n<p>Wenn Sie alleine das Sorgerecht haben, wird ein Sorgerechts-Nachweis vom Jugendamt oder der Sorgerechts-Beschluss im Original ben\u00f6tigt.<\/p>\n<h3>Was muss ich mitbringen?<\/h3>\n<ul>\n<li>Bisheriger Personalausweis, <span class='tooltipsall tooltipsincontent classtoolTips4'>Reisepass<\/span> oder Kinderreisepass<\/li>\n<li>Geburts-Urkunde oder Ehe-Urkunde im Original<\/li>\n<li>Ein aktuelles <strong>biometrisches<\/strong> Lichtbild<\/li>\n<\/ul>\n<p><strong>Im Amt Warnow-West befindet sich ein Foto-Automat, mit dem Biometrie-Passbilder gemacht werden k\u00f6nnen. Die Kosten f\u00fcr 4 Bilder betragen, bitte passend, 10 Euro.<\/strong><\/p>\n<h3>Was kostet der Personal-Ausweis<\/h3>\n<p>\u2013 F\u00fcr den Personalausweis f\u00fcr Personen ab 24 Jahren\u00a0 \u00a0 \u00a0 \u00a0 37,00 Euro<br \/>\n\u2013 F\u00fcr den Personalausweis f\u00fcr Person unter 24 Jahren\u00a0 \u00a0\u00a0\u00a0\u00a0 \u00a022,80 Euro<br \/>\n\u2013 F\u00fcr den vorl\u00e4ufigen Personalausweis \u00a0\u00a0 \u00a0 \u00a0 \u00a0\u00a0\u00a0\u00a0\u00a0\u00a0\u00a0\u00a0\u00a0\u00a0\u00a0\u00a0\u00a0\u00a0\u00a0\u00a0\u00a0\u00a0\u00a0\u00a0\u00a0\u00a0\u00a0 \u00a0\u00a0\u00a0 10,00 Euro<\/p>\n<p><strong>Die Geb\u00fchren m\u00fcssen bei Antragstellung entrichtet werden.<\/strong> Sie k\u00f6nnen mit der Girocard (ehem. EC-Karte) oder in bar bezahlt werden.<\/p>\n<h3>Wie lange ist der Personalausweis g\u00fcltig:<\/h3>\n<p>Der Personalausweis ist 6 Jahre lang g\u00fcltig, wenn Sie j\u00fcnger als 24 Jahre alt sind.<br \/>\nDer Personalausweis ist 10 Jahre lang g\u00fcltig, wenn Sie \u00e4lter als 24 Jahre sind.<\/p>\n<h3>Wenn Sie Ihren Personalausweis verlieren<\/h3>\n<p>Der Personalausweis ist ein amtliches Dokumet.<br \/>\nSie m\u00fcssen uns informieren, wenn Ihr Personalausweis verloren gegangen ist.<br \/>\nWenn Sie das nicht tun, k\u00f6nnen Sie eine Strafe bekommen.<\/p>\n<\/div><\/section><\/div>\n<style type=\"text\/css\" data-created_by=\"avia_inline_auto\" id=\"style-css-av-822vk-866f3f42b7471b3df230d902619f50ec\">\n.flex_column.av-822vk-866f3f42b7471b3df230d902619f50ec{\nborder-radius:0px 0px 0px 0px;\npadding:0px 0px 0px 0px;\n}\n<\/style>\n<div  class='flex_column av-822vk-866f3f42b7471b3df230d902619f50ec av_one_full  avia-builder-el-10  el_after_av_one_full  avia-builder-el-last  first flex_column_div av-zero-column-padding  column-top-margin'     ><section  class='av_textblock_section av-kapi61ro-66636196a92c56cb3f57c28322c52a05 '   itemscope=\"itemscope\" itemtype=\"https:\/\/schema.org\/CreativeWork\" ><div class='avia_textblock'  itemprop=\"text\" ><p>[backlink]<\/p>\n<\/div><\/section><\/div>\n<script type=\"text\/javascript\"> toolTips('.classtoolTips4','<img class=\"alignnone size-full wp-image-818\" src=\"https:\/\/www.amt-warnow-west.de\/leichte-sprache\/wp-content\/uploads\/Reisepass-Deutschland.jpg\" alt=\"Das ist ein Reisepass der Bundesrepublik Deutschland.\" width=\"216\" height=\"300\" \/><br\/><br\/>Der deutsche Reisepass ist ein Reisedokument, das f\u00fcr allgemeine Reisen der deutschen Staatsangeh\u00f6rigen ins Ausland ausgegeben wird.'); <\/script><script type=\"text\/javascript\"> toolTips('.classtoolTips5','Das ist ein Personal-Ausweis der Bundesrepublik Deutschland:<br\/><br\/><img class=\"alignnone size-medium wp-image-727\" src=\"https:\/\/www.amt-warnow-west.de\/leichte-sprache\/wp-content\/uploads\/Personalausweis-300x191.jpg\" alt=\"\" width=\"300\" height=\"191\" \/>'); <\/script>","protected":false},"excerpt":{"rendered":"","protected":false},"author":1,"featured_media":0,"parent":0,"menu_order":0,"comment_status":"closed","ping_status":"closed","template":"","meta":{"footnotes":""},"tags":[],"class_list":["post-975","page","type-page","status-publish","hentry"],"_links":{"self":[{"href":"https:\/\/www.amt-warnow-west.de\/leichte-sprache\/wp-json\/wp\/v2\/pages\/975","targetHints":{"allow":["GET"]}}],"collection":[{"href":"https:\/\/www.amt-warnow-west.de\/leichte-sprache\/wp-json\/wp\/v2\/pages"}],"about":[{"href":"https:\/\/www.amt-warnow-west.de\/leichte-sprache\/wp-json\/wp\/v2\/types\/page"}],"author":[{"embeddable":true,"href":"https:\/\/www.amt-warnow-west.de\/leichte-sprache\/wp-json\/wp\/v2\/users\/1"}],"replies":[{"embeddable":true,"href":"https:\/\/www.amt-warnow-west.de\/leichte-sprache\/wp-json\/wp\/v2\/comments?post=975"}],"version-history":[{"count":15,"href":"https:\/\/www.amt-warnow-west.de\/leichte-sprache\/wp-json\/wp\/v2\/pages\/975\/revisions"}],"predecessor-version":[{"id":1278,"href":"https:\/\/www.amt-warnow-west.de\/leichte-sprache\/wp-json\/wp\/v2\/pages\/975\/revisions\/1278"}],"wp:attachment":[{"href":"https:\/\/www.amt-warnow-west.de\/leichte-sprache\/wp-json\/wp\/v2\/media?parent=975"}],"wp:term":[{"taxonomy":"post_tag","embeddable":true,"href":"https:\/\/www.amt-warnow-west.de\/leichte-sprache\/wp-json\/wp\/v2\/tags?post=975"}],"curies":[{"name":"wp","href":"https:\/\/api.w.org\/{rel}","templated":true}]}}