{"id":934,"date":"2020-05-26T12:12:08","date_gmt":"2020-05-26T10:12:08","guid":{"rendered":"https:\/\/www.amt-warnow-west.de\/leichte-sprache\/?page_id=934"},"modified":"2020-06-05T17:31:41","modified_gmt":"2020-06-05T15:31:41","slug":"kita-anmeldung","status":"publish","type":"page","link":"https:\/\/www.amt-warnow-west.de\/leichte-sprache\/kita-anmeldung\/","title":{"rendered":"Kita Anmeldung"},"content":{"rendered":"<div id='av_section_1'  class='avia-section av-urx3y-6044255cab96b55648ba6d3a70f67d88 main_color avia-section-default avia-no-border-styling  avia-builder-el-0  el_before_av_section  avia-builder-el-first  avia-bg-style-scroll container_wrap fullsize'  ><div class='container av-section-cont-open' ><main  role=\"main\" itemprop=\"mainContentOfPage\"  class='template-page content  av-content-full alpha units'><div class='post-entry post-entry-type-page post-entry-934'><div class='entry-content-wrapper clearfix'>\n\n<style type=\"text\/css\" data-created_by=\"avia_inline_auto\" id=\"style-css-av-av_heading-0027d4e23e802aa2382050489e679e52\">\n#top .av-special-heading.av-av_heading-0027d4e23e802aa2382050489e679e52{\npadding-bottom:10px;\n}\nbody .av-special-heading.av-av_heading-0027d4e23e802aa2382050489e679e52 .av-special-heading-tag .heading-char{\nfont-size:25px;\n}\n.av-special-heading.av-av_heading-0027d4e23e802aa2382050489e679e52 .av-subheading{\nfont-size:15px;\n}\n<\/style>\n<div  class='av-special-heading av-av_heading-0027d4e23e802aa2382050489e679e52 av-special-heading-h1 blockquote modern-quote modern-centered  avia-builder-el-1  el_before_av_hr  avia-builder-el-first '><h1 class='av-special-heading-tag '  itemprop=\"headline\"  >Einen Kita Platz beantragen<\/h1><div class=\"special-heading-border\"><div class=\"special-heading-inner-border\"><\/div><\/div><\/div>\n\n<style type=\"text\/css\" data-created_by=\"avia_inline_auto\" id=\"style-css-av-mfefq-488c8e8d7f9ef3e07ef57f2e182cbbc3\">\n#top .hr.av-mfefq-488c8e8d7f9ef3e07ef57f2e182cbbc3{\nmargin-top:30px;\nmargin-bottom:30px;\n}\n.hr.av-mfefq-488c8e8d7f9ef3e07ef57f2e182cbbc3 .hr-inner{\nwidth:100px;\nborder-color:#006caf;\n}\n<\/style>\n<div  class='hr av-mfefq-488c8e8d7f9ef3e07ef57f2e182cbbc3 hr-custom  avia-builder-el-2  el_after_av_heading  el_before_av_one_full  hr-center hr-icon-no'><span class='hr-inner inner-border-av-border-thin'><span class=\"hr-inner-style\"><\/span><\/span><\/div>\n\n<style type=\"text\/css\" data-created_by=\"avia_inline_auto\" id=\"style-css-av-158na-5fc6e4a3ad9fbd948a6c7670b9eeb443\">\n.flex_column.av-158na-5fc6e4a3ad9fbd948a6c7670b9eeb443{\nborder-radius:0px 0px 0px 0px;\npadding:0px 0px 0px 0px;\n}\n<\/style>\n<div  class='flex_column av-158na-5fc6e4a3ad9fbd948a6c7670b9eeb443 av_one_full  avia-builder-el-3  el_after_av_hr  el_before_av_one_half  first flex_column_div av-zero-column-padding  '     ><section  class='av_textblock_section av-k9jubuee-bb74d3a8afe8ebdae2f2f946937bbdb6 '   itemscope=\"itemscope\" itemtype=\"https:\/\/schema.org\/CreativeWork\" ><div class='avia_textblock'  itemprop=\"text\" ><p>Sie m\u00f6chten Ihr Kind in einer unserer <strong>Kinder-Tagesst\u00e4tten<\/strong> anmelden? Dann m\u00fcssen Sie zuerst in einer unserer Kinder-Tagesst\u00e4tten nach einem freien Platz fragen. Die Mitarbeiter der Kitas helfen Ihnen gerne bei allen Fragen zur Anmeldung. Hier finden Sie alle Kitas im Amts-Gebiet:<\/p>\n<\/div><\/section><\/div>\n<style type=\"text\/css\" data-created_by=\"avia_inline_auto\" id=\"style-css-av-f1ijq-9e535c9bf94844faff924475e3a667df\">\n.flex_column.av-f1ijq-9e535c9bf94844faff924475e3a667df{\nborder-radius:0px 0px 0px 0px;\npadding:0px 0px 0px 0px;\n}\n<\/style>\n<div  class='flex_column av-f1ijq-9e535c9bf94844faff924475e3a667df av_one_half  avia-builder-el-5  el_after_av_one_full  el_before_av_one_half  first av-break-at-tablet flex_column_div av-zero-column-padding  column-top-margin'     ><section  class='av_textblock_section av-kanrg0sh-6d16fa95823114a19781393f4dd0600d '   itemscope=\"itemscope\" itemtype=\"https:\/\/schema.org\/CreativeWork\" ><div class='avia_textblock'  itemprop=\"text\" ><h3>Die Kita in der Gemeinde Gemeinde Elmenhorst\/Lichtenhagen<\/h3>\n<p><img loading=\"lazy\" decoding=\"async\" class=\"alignnone wp-image-935 size-full\" src=\"https:\/\/www.amt-warnow-west.de\/leichte-sprache\/wp-content\/uploads\/Kita-Elmenhorst-Lichtenhagen.jpg\" alt=\"Kita Klabauterkinder in Elmenhorst\" width=\"800\" height=\"450\" srcset=\"https:\/\/www.amt-warnow-west.de\/leichte-sprache\/wp-content\/uploads\/Kita-Elmenhorst-Lichtenhagen.jpg 800w, https:\/\/www.amt-warnow-west.de\/leichte-sprache\/wp-content\/uploads\/Kita-Elmenhorst-Lichtenhagen-300x169.jpg 300w, https:\/\/www.amt-warnow-west.de\/leichte-sprache\/wp-content\/uploads\/Kita-Elmenhorst-Lichtenhagen-768x432.jpg 768w, https:\/\/www.amt-warnow-west.de\/leichte-sprache\/wp-content\/uploads\/Kita-Elmenhorst-Lichtenhagen-705x397.jpg 705w\" sizes=\"auto, (max-width: 800px) 100vw, 800px\" \/><\/p>\n<p><strong>Kita \u201eKlabauterkinder\u201c<\/strong><br \/>\nElmenhorst<br \/>\nSchulweg 8<br \/>\n18107 Elmenhorst\/Lichtenhagen<br \/>\nTelefon: 0381 \/ 7 69 76 12<br \/>\nFax: 0381 7789191<br \/>\nE-Mail: <a href=\"mailto:KitaKlabauterkinder@illev.de%20\">KitaKlabauterkinder@ill-ev.de<\/a><br \/>\nHomepage: <a href=\"http:\/\/www.ill-ev.de\/\" target=\"_blank\" rel=\"noopener noreferrer\">http:\/\/www.ill-ev.de<\/a><\/p>\n<\/div><\/section><\/div>\n<style type=\"text\/css\" data-created_by=\"avia_inline_auto\" id=\"style-css-av-asv6e-019a4470f2ea884d91d1a99e29b4f6b4\">\n.flex_column.av-asv6e-019a4470f2ea884d91d1a99e29b4f6b4{\nborder-radius:0px 0px 0px 0px;\npadding:0px 0px 0px 0px;\n}\n<\/style>\n<div  class='flex_column av-asv6e-019a4470f2ea884d91d1a99e29b4f6b4 av_one_half  avia-builder-el-7  el_after_av_one_half  el_before_av_one_half  av-break-at-tablet flex_column_div av-zero-column-padding  column-top-margin'     ><section  class='av_textblock_section av-kanrg0sh-6d16fa95823114a19781393f4dd0600d '   itemscope=\"itemscope\" itemtype=\"https:\/\/schema.org\/CreativeWork\" ><div class='avia_textblock'  itemprop=\"text\" ><h3>Die Kita in der Gemeinde Kritzmow<\/h3>\n<p><img loading=\"lazy\" decoding=\"async\" class=\"alignnone size-full wp-image-938\" src=\"https:\/\/www.amt-warnow-west.de\/leichte-sprache\/wp-content\/uploads\/Kita_Hort_Kritzmow.jpg\" alt=\"Kita Schwalbennest in Kritzmow\" width=\"800\" height=\"450\" srcset=\"https:\/\/www.amt-warnow-west.de\/leichte-sprache\/wp-content\/uploads\/Kita_Hort_Kritzmow.jpg 800w, https:\/\/www.amt-warnow-west.de\/leichte-sprache\/wp-content\/uploads\/Kita_Hort_Kritzmow-300x169.jpg 300w, https:\/\/www.amt-warnow-west.de\/leichte-sprache\/wp-content\/uploads\/Kita_Hort_Kritzmow-768x432.jpg 768w, https:\/\/www.amt-warnow-west.de\/leichte-sprache\/wp-content\/uploads\/Kita_Hort_Kritzmow-705x397.jpg 705w\" sizes=\"auto, (max-width: 800px) 100vw, 800px\" \/><\/p>\n<p><strong>Kita \u201eSchwalbennest\u201c<\/strong><br \/>\nKrippe, Schulweg 1 e<br \/>\nKindergarten, Schulweg 1 g<br \/>\n18198 Kritzmow<br \/>\nTelefon Krippe: 038207 777910<br \/>\nTelefon Kindergarten: 038207 766533<br \/>\nFax: 038207 766532<\/p>\n<\/div><\/section><\/div>\n<style type=\"text\/css\" data-created_by=\"avia_inline_auto\" id=\"style-css-av-asv6e-ff6f9e595030625667ee8813914d94e3\">\n.flex_column.av-asv6e-ff6f9e595030625667ee8813914d94e3{\nborder-radius:0px 0px 0px 0px;\npadding:0px 0px 0px 0px;\n}\n<\/style>\n<div  class='flex_column av-asv6e-ff6f9e595030625667ee8813914d94e3 av_one_half  avia-builder-el-9  el_after_av_one_half  el_before_av_one_half  first av-break-at-tablet flex_column_div av-zero-column-padding  column-top-margin'     ><section  class='av_textblock_section av-kanrg0sh-6d16fa95823114a19781393f4dd0600d '   itemscope=\"itemscope\" itemtype=\"https:\/\/schema.org\/CreativeWork\" ><div class='avia_textblock'  itemprop=\"text\" ><h3>Die Kita in der Gemeinde Lambrechtshagen<\/h3>\n<p><img loading=\"lazy\" decoding=\"async\" class=\"alignnone size-full wp-image-941\" src=\"https:\/\/www.amt-warnow-west.de\/leichte-sprache\/wp-content\/uploads\/kita-lambrechtshagen.jpg\" alt=\"Kita Speelhus an de Rotb\u00e4k\" width=\"800\" height=\"450\" srcset=\"https:\/\/www.amt-warnow-west.de\/leichte-sprache\/wp-content\/uploads\/kita-lambrechtshagen.jpg 800w, https:\/\/www.amt-warnow-west.de\/leichte-sprache\/wp-content\/uploads\/kita-lambrechtshagen-300x169.jpg 300w, https:\/\/www.amt-warnow-west.de\/leichte-sprache\/wp-content\/uploads\/kita-lambrechtshagen-768x432.jpg 768w, https:\/\/www.amt-warnow-west.de\/leichte-sprache\/wp-content\/uploads\/kita-lambrechtshagen-705x397.jpg 705w\" sizes=\"auto, (max-width: 800px) 100vw, 800px\" \/><\/p>\n<p><strong>Kita \u201eSpeelhus an de Rotb\u00e4k\u201c<\/strong><br \/>\nBauernreihe 2<br \/>\n18069 Lambrechtshagen<br \/>\nTelefon: 0381 8001722<br \/>\nFax: 0381 8001722<br \/>\nE-Mail: <a href=\"mailto:kita-lambrechtshagen@aufdertenne.de\">kita-lambrechtshagen@aufdertenne.de<\/a><br \/>\nHomepage: <a href=\"https:\/\/www.amt-warnow-west.de\/kindertagesstatten\/www.aufdertenne.de\">www.aufdertenne.de<\/a><\/p>\n<\/div><\/section><\/div>\n<style type=\"text\/css\" data-created_by=\"avia_inline_auto\" id=\"style-css-av-asv6e-019a4470f2ea884d91d1a99e29b4f6b4\">\n.flex_column.av-asv6e-019a4470f2ea884d91d1a99e29b4f6b4{\nborder-radius:0px 0px 0px 0px;\npadding:0px 0px 0px 0px;\n}\n<\/style>\n<div  class='flex_column av-asv6e-019a4470f2ea884d91d1a99e29b4f6b4 av_one_half  avia-builder-el-11  el_after_av_one_half  el_before_av_one_half  av-break-at-tablet flex_column_div av-zero-column-padding  column-top-margin'     ><section  class='av_textblock_section av-kanrg0sh-6d16fa95823114a19781393f4dd0600d '   itemscope=\"itemscope\" itemtype=\"https:\/\/schema.org\/CreativeWork\" ><div class='avia_textblock'  itemprop=\"text\" ><h3>Die Kita in der Gemeinde Papendorf<\/h3>\n<p><img loading=\"lazy\" decoding=\"async\" class=\"alignnone size-full wp-image-946\" src=\"https:\/\/www.amt-warnow-west.de\/leichte-sprache\/wp-content\/uploads\/Kita-Papendorf.jpg\" alt=\"Kita Spatzenhaus in Papendorf\" width=\"800\" height=\"450\" srcset=\"https:\/\/www.amt-warnow-west.de\/leichte-sprache\/wp-content\/uploads\/Kita-Papendorf.jpg 800w, https:\/\/www.amt-warnow-west.de\/leichte-sprache\/wp-content\/uploads\/Kita-Papendorf-300x169.jpg 300w, https:\/\/www.amt-warnow-west.de\/leichte-sprache\/wp-content\/uploads\/Kita-Papendorf-768x432.jpg 768w, https:\/\/www.amt-warnow-west.de\/leichte-sprache\/wp-content\/uploads\/Kita-Papendorf-705x397.jpg 705w\" sizes=\"auto, (max-width: 800px) 100vw, 800px\" \/><\/p>\n<p><strong>Kita \u201eSpatzenhaus\u201c<\/strong><br \/>\nAlte Schule 2<br \/>\n18059 Papendorf<br \/>\nTelefon: 0381 4002985<br \/>\nFax: 0381 4034704<br \/>\nE-Mail: <a href=\"mailto:kita-papendorf@aufdertenne.de\">kita-papendorf@aufdertenne.de<\/a><br \/>\nHomepage: <a href=\"https:\/\/www.amt-warnow-west.de\/kindertagesstatten\/www.aufdertenne.de\">www.aufdertenne.de<\/a><\/p>\n<\/div><\/section><\/div>\n<style type=\"text\/css\" data-created_by=\"avia_inline_auto\" id=\"style-css-av-asv6e-ff6f9e595030625667ee8813914d94e3\">\n.flex_column.av-asv6e-ff6f9e595030625667ee8813914d94e3{\nborder-radius:0px 0px 0px 0px;\npadding:0px 0px 0px 0px;\n}\n<\/style>\n<div  class='flex_column av-asv6e-ff6f9e595030625667ee8813914d94e3 av_one_half  avia-builder-el-13  el_after_av_one_half  el_before_av_one_half  first av-break-at-tablet flex_column_div av-zero-column-padding  column-top-margin'     ><section  class='av_textblock_section av-kanrg0sh-6d16fa95823114a19781393f4dd0600d '   itemscope=\"itemscope\" itemtype=\"https:\/\/schema.org\/CreativeWork\" ><div class='avia_textblock'  itemprop=\"text\" ><h3>Die Kita in der Gemeinde P\u00f6lchow<\/h3>\n<p><img loading=\"lazy\" decoding=\"async\" class=\"alignnone size-full wp-image-947\" src=\"https:\/\/www.amt-warnow-west.de\/leichte-sprache\/wp-content\/uploads\/Kita-Poelchow.jpg\" alt=\"Gesundheits Kita Sonnenk\u00e4fer in P\u00f6lchow\" width=\"800\" height=\"450\" srcset=\"https:\/\/www.amt-warnow-west.de\/leichte-sprache\/wp-content\/uploads\/Kita-Poelchow.jpg 800w, https:\/\/www.amt-warnow-west.de\/leichte-sprache\/wp-content\/uploads\/Kita-Poelchow-300x169.jpg 300w, https:\/\/www.amt-warnow-west.de\/leichte-sprache\/wp-content\/uploads\/Kita-Poelchow-768x432.jpg 768w, https:\/\/www.amt-warnow-west.de\/leichte-sprache\/wp-content\/uploads\/Kita-Poelchow-705x397.jpg 705w\" sizes=\"auto, (max-width: 800px) 100vw, 800px\" \/><\/p>\n<p><strong>Gesundheits Kita \u201eSonnenk\u00e4fer\u201c<\/strong><br \/>\nWahrstorf<br \/>\nZum Gutshof 1<br \/>\n18059 P\u00f6lchow<br \/>\nTelefon: 038207 775414<br \/>\nE-Mail: <a href=\"mailto:kitasonnenkaefer@ill-ev.de\">kitasonnenkaefer@ill-ev.de<\/a><\/p>\n<\/div><\/section><\/div>\n<style type=\"text\/css\" data-created_by=\"avia_inline_auto\" id=\"style-css-av-asv6e-019a4470f2ea884d91d1a99e29b4f6b4\">\n.flex_column.av-asv6e-019a4470f2ea884d91d1a99e29b4f6b4{\nborder-radius:0px 0px 0px 0px;\npadding:0px 0px 0px 0px;\n}\n<\/style>\n<div  class='flex_column av-asv6e-019a4470f2ea884d91d1a99e29b4f6b4 av_one_half  avia-builder-el-15  el_after_av_one_half  el_before_av_one_half  av-break-at-tablet flex_column_div av-zero-column-padding  column-top-margin'     ><section  class='av_textblock_section av-kanrg0sh-6d16fa95823114a19781393f4dd0600d '   itemscope=\"itemscope\" itemtype=\"https:\/\/schema.org\/CreativeWork\" ><div class='avia_textblock'  itemprop=\"text\" ><h3>Die Kita in der Gemeinde St\u00e4below<\/h3>\n<p><img loading=\"lazy\" decoding=\"async\" class=\"alignnone size-full wp-image-948\" src=\"https:\/\/www.amt-warnow-west.de\/leichte-sprache\/wp-content\/uploads\/Kita-Staebelow.jpg\" alt=\"Kita Kindertraum in St\u00e4below.\" width=\"800\" height=\"450\" srcset=\"https:\/\/www.amt-warnow-west.de\/leichte-sprache\/wp-content\/uploads\/Kita-Staebelow.jpg 800w, https:\/\/www.amt-warnow-west.de\/leichte-sprache\/wp-content\/uploads\/Kita-Staebelow-300x169.jpg 300w, https:\/\/www.amt-warnow-west.de\/leichte-sprache\/wp-content\/uploads\/Kita-Staebelow-768x432.jpg 768w, https:\/\/www.amt-warnow-west.de\/leichte-sprache\/wp-content\/uploads\/Kita-Staebelow-705x397.jpg 705w\" sizes=\"auto, (max-width: 800px) 100vw, 800px\" \/><\/p>\n<p><strong>Kita \u201eKindertraum\u201c<\/strong><br \/>\nSchulweg 10 d<br \/>\n18198 St\u00e4below<br \/>\nTelefon: 038207 257<br \/>\nFax: 038207 759835<br \/>\nE-Mail: <a href=\"mailto:kita-kindertraum@volkssolidaritaet.de\">kita-kindertraum@volkssolidaritaet.de<\/a><\/p>\n<\/div><\/section><\/div>\n<style type=\"text\/css\" data-created_by=\"avia_inline_auto\" id=\"style-css-av-asv6e-ff6f9e595030625667ee8813914d94e3\">\n.flex_column.av-asv6e-ff6f9e595030625667ee8813914d94e3{\nborder-radius:0px 0px 0px 0px;\npadding:0px 0px 0px 0px;\n}\n<\/style>\n<div  class='flex_column av-asv6e-ff6f9e595030625667ee8813914d94e3 av_one_half  avia-builder-el-17  el_after_av_one_half  el_before_av_one_full  first av-break-at-tablet flex_column_div av-zero-column-padding  column-top-margin'     ><section  class='av_textblock_section av-kanrg0sh-6d16fa95823114a19781393f4dd0600d '   itemscope=\"itemscope\" itemtype=\"https:\/\/schema.org\/CreativeWork\" ><div class='avia_textblock'  itemprop=\"text\" ><h3>Die Kita in der Gemeinde Ziesendorf<\/h3>\n<p><img loading=\"lazy\" decoding=\"async\" class=\"alignnone size-full wp-image-949\" src=\"https:\/\/www.amt-warnow-west.de\/leichte-sprache\/wp-content\/uploads\/Kita-Ziesendorf.jpg\" alt=\"Kita Kinderschloss Ziesendorf\" width=\"800\" height=\"450\" srcset=\"https:\/\/www.amt-warnow-west.de\/leichte-sprache\/wp-content\/uploads\/Kita-Ziesendorf.jpg 800w, https:\/\/www.amt-warnow-west.de\/leichte-sprache\/wp-content\/uploads\/Kita-Ziesendorf-300x169.jpg 300w, https:\/\/www.amt-warnow-west.de\/leichte-sprache\/wp-content\/uploads\/Kita-Ziesendorf-768x432.jpg 768w, https:\/\/www.amt-warnow-west.de\/leichte-sprache\/wp-content\/uploads\/Kita-Ziesendorf-705x397.jpg 705w\" sizes=\"auto, (max-width: 800px) 100vw, 800px\" \/><\/p>\n<p><strong>Kindertagesst\u00e4tte \u201eKinderschloss Ziesendorf\u201c<\/strong><br \/>\nDorfplatz 10<br \/>\n18059 Ziesendorf<br \/>\nTelefon: 038207-282<\/p>\n<\/div><\/section><\/div>\n<style type=\"text\/css\" data-created_by=\"avia_inline_auto\" id=\"style-css-av-158na-b0fe862807479910547c443e8f3cc9ce\">\n.flex_column.av-158na-b0fe862807479910547c443e8f3cc9ce{\nborder-width:1px;\nborder-color:#000000;\nborder-style:solid;\nborder-radius:0px 0px 0px 0px;\npadding:20px 20px 20px 20px;\n}\n<\/style>\n<div  class='flex_column av-158na-b0fe862807479910547c443e8f3cc9ce av_one_full  avia-builder-el-19  el_after_av_one_half  avia-builder-el-last  first flex_column_div  column-top-margin'     ><section  class='av_textblock_section av-k9jubuee-bb74d3a8afe8ebdae2f2f946937bbdb6 '   itemscope=\"itemscope\" itemtype=\"https:\/\/schema.org\/CreativeWork\" ><div class='avia_textblock'  itemprop=\"text\" ><p><img loading=\"lazy\" decoding=\"async\" class=\"alignnone size-full wp-image-1023\" src=\"https:\/\/www.amt-warnow-west.de\/leichte-sprache\/wp-content\/uploads\/Ansprechpartner.png\" alt=\"Ihre Ansprech-Partner im Amt Warnow-West.\" width=\"248\" height=\"194\" \/><\/p>\n<p>Wenn eine unserer Kinder-Tagesst\u00e4tten einen freien Platz f\u00fcr Ihr Kind hat, dann m\u00fcssen Sie beim Jugendamt in G\u00fcstrow einen Antrag stellen. Hier befindet sich die Verwaltung, die sich mit der Vergabe von Kita-Pl\u00e4tzen befasst.<\/p>\n<p>Haben Sie Fragen zu diesen Themen, wenden Sie sich gerne an das:<\/p>\n<p><strong>Jugendamt im Landkreis Rostock<\/strong><br \/>\nAm Wall 3 &#8211; 5<br \/>\n18273 G\u00fcstrow<\/p>\n<p><strong>Ihre Anprechpartnerinnen sind:<\/strong><\/p>\n<p class=\"kontakt\"><strong>Ute Boysen<\/strong><br \/>\nSachgebietsleiterin<br \/>\n<a title=\"E-Mail-Adresse\" href=\"mailto:Ute.Boysen@lkros.de\">Ute.Boysen@lkros.de<\/a><br \/>\nZimmer 5.103<\/p>\n<p class=\"kontakt\"><strong>Sylvia L\u00fcck<\/strong><br \/>\nSachgebietsleiterin<br \/>\n<a title=\"E-Mail-Adresse\" href=\"mailto:Sylvia.Lueck@lkros.de\">Sylvia.Lueck@lkros.de<\/a><br \/>\nZimmer 5.337<\/p>\n<p class=\"kontakt\"><strong>Cornelia Reinsch\u00fctz<\/strong><br \/>\nSachgebietsleiterin<br \/>\n<a title=\"E-Mail-Adresse\" href=\"mailto:Cornelia.Reinschuetz@lkros.de\">Cornelia.Reinschuetz@lkros.de<\/a><br \/>\nZimmer 5.003<\/p>\n<div  class='avia-button-wrap av-aizcy-590571ddd964225d1db42ac48b641f5b-wrap avia-button-left  avia-builder-el-21  avia-builder-el-no-sibling '><a href='https:\/\/www.landkreis-rostock.de\/landkreis\/formulare\/jugendamt\/'  class='avia-button av-aizcy-590571ddd964225d1db42ac48b641f5b av-link-btn avia-icon_select-yes-left-icon avia-size-medium avia-position-left avia-color-dark'  target=\"_blank\"  rel=\"noopener noreferrer\"  aria-label=\"Hier finden Sie weitere Informationen und wichtige Formulare zum Herunter-Laden*\"><span class='avia_button_icon avia_button_icon_left avia-iconfont avia-font-entypo-fontello' data-av_icon='\ue850' data-av_iconfont='entypo-fontello' ><\/span><span class='avia_iconbox_title' >Hier finden Sie weitere Informationen und wichtige Formulare zum Herunter-Laden*<\/span><\/a><\/div>\n<p><em>*Dieser Link \u00f6ffnet <strong>eine andere Internetseite<\/strong> in Alltags-Sprache. Das ist die Seite des Landkreises Rostock.<br \/>\n<\/em><\/p>\n<\/div><\/section><\/div><\/div><\/div><\/main><!-- close content main element --><\/div><\/div><div id='av_section_2'  class='avia-section av-urx3y-6044255cab96b55648ba6d3a70f67d88 main_color avia-section-default avia-no-border-styling  avia-builder-el-22  el_after_av_section  avia-builder-el-last  avia-bg-style-scroll container_wrap fullsize'  ><div class='container av-section-cont-open' ><div class='template-page content  av-content-full alpha units'><div class='post-entry post-entry-type-page post-entry-934'><div class='entry-content-wrapper clearfix'>\n<section  class='av_textblock_section av-k9jubuee-bb74d3a8afe8ebdae2f2f946937bbdb6 '   itemscope=\"itemscope\" itemtype=\"https:\/\/schema.org\/CreativeWork\" ><div class='avia_textblock'  itemprop=\"text\" ><p>[backlink]<\/p>\n<\/div><\/section>\n<\/p>\n","protected":false},"excerpt":{"rendered":"","protected":false},"author":1,"featured_media":0,"parent":0,"menu_order":0,"comment_status":"closed","ping_status":"closed","template":"","meta":{"footnotes":""},"tags":[],"class_list":["post-934","page","type-page","status-publish","hentry"],"_links":{"self":[{"href":"https:\/\/www.amt-warnow-west.de\/leichte-sprache\/wp-json\/wp\/v2\/pages\/934","targetHints":{"allow":["GET"]}}],"collection":[{"href":"https:\/\/www.amt-warnow-west.de\/leichte-sprache\/wp-json\/wp\/v2\/pages"}],"about":[{"href":"https:\/\/www.amt-warnow-west.de\/leichte-sprache\/wp-json\/wp\/v2\/types\/page"}],"author":[{"embeddable":true,"href":"https:\/\/www.amt-warnow-west.de\/leichte-sprache\/wp-json\/wp\/v2\/users\/1"}],"replies":[{"embeddable":true,"href":"https:\/\/www.amt-warnow-west.de\/leichte-sprache\/wp-json\/wp\/v2\/comments?post=934"}],"version-history":[{"count":17,"href":"https:\/\/www.amt-warnow-west.de\/leichte-sprache\/wp-json\/wp\/v2\/pages\/934\/revisions"}],"predecessor-version":[{"id":1097,"href":"https:\/\/www.amt-warnow-west.de\/leichte-sprache\/wp-json\/wp\/v2\/pages\/934\/revisions\/1097"}],"wp:attachment":[{"href":"https:\/\/www.amt-warnow-west.de\/leichte-sprache\/wp-json\/wp\/v2\/media?parent=934"}],"wp:term":[{"taxonomy":"post_tag","embeddable":true,"href":"https:\/\/www.amt-warnow-west.de\/leichte-sprache\/wp-json\/wp\/v2\/tags?post=934"}],"curies":[{"name":"wp","href":"https:\/\/api.w.org\/{rel}","templated":true}]}}