{"id":1072,"date":"2020-06-05T16:56:05","date_gmt":"2020-06-05T14:56:05","guid":{"rendered":"https:\/\/www.amt-warnow-west.de\/leichte-sprache\/?page_id=1072"},"modified":"2020-06-05T17:29:07","modified_gmt":"2020-06-05T15:29:07","slug":"schule-und-hort","status":"publish","type":"page","link":"https:\/\/www.amt-warnow-west.de\/leichte-sprache\/schule-und-hort\/","title":{"rendered":"Schule und Hort"},"content":{"rendered":"<div id='av_section_1'  class='avia-section av-urx3y-6044255cab96b55648ba6d3a70f67d88 main_color avia-section-default avia-no-border-styling  avia-builder-el-0  el_before_av_section  avia-builder-el-first  avia-bg-style-scroll container_wrap fullsize'  ><div class='container av-section-cont-open' ><main  role=\"main\" itemprop=\"mainContentOfPage\"  class='template-page content  av-content-full alpha units'><div class='post-entry post-entry-type-page post-entry-1072'><div class='entry-content-wrapper clearfix'>\n\n<style type=\"text\/css\" data-created_by=\"avia_inline_auto\" id=\"style-css-av-av_heading-cce451e65314adc7e424dd840d893b5c\">\n#top .av-special-heading.av-av_heading-cce451e65314adc7e424dd840d893b5c{\npadding-bottom:10px;\n}\nbody .av-special-heading.av-av_heading-cce451e65314adc7e424dd840d893b5c .av-special-heading-tag .heading-char{\nfont-size:25px;\n}\n.av-special-heading.av-av_heading-cce451e65314adc7e424dd840d893b5c .av-subheading{\nfont-size:15px;\n}\n<\/style>\n<div  class='av-special-heading av-av_heading-cce451e65314adc7e424dd840d893b5c av-special-heading-h1 blockquote modern-quote modern-centered  avia-builder-el-1  el_before_av_hr  avia-builder-el-first '><h1 class='av-special-heading-tag '  itemprop=\"headline\"  >Unsere Schulen und Schul-Horte<\/h1><div class=\"special-heading-border\"><div class=\"special-heading-inner-border\"><\/div><\/div><\/div>\n\n<style type=\"text\/css\" data-created_by=\"avia_inline_auto\" id=\"style-css-av-mfefq-488c8e8d7f9ef3e07ef57f2e182cbbc3\">\n#top .hr.av-mfefq-488c8e8d7f9ef3e07ef57f2e182cbbc3{\nmargin-top:30px;\nmargin-bottom:30px;\n}\n.hr.av-mfefq-488c8e8d7f9ef3e07ef57f2e182cbbc3 .hr-inner{\nwidth:100px;\nborder-color:#006caf;\n}\n<\/style>\n<div  class='hr av-mfefq-488c8e8d7f9ef3e07ef57f2e182cbbc3 hr-custom  avia-builder-el-2  el_after_av_heading  el_before_av_one_full  hr-center hr-icon-no'><span class='hr-inner inner-border-av-border-thin'><span class=\"hr-inner-style\"><\/span><\/span><\/div>\n\n<style type=\"text\/css\" data-created_by=\"avia_inline_auto\" id=\"style-css-av-158na-5fc6e4a3ad9fbd948a6c7670b9eeb443\">\n.flex_column.av-158na-5fc6e4a3ad9fbd948a6c7670b9eeb443{\nborder-radius:0px 0px 0px 0px;\npadding:0px 0px 0px 0px;\n}\n<\/style>\n<div  class='flex_column av-158na-5fc6e4a3ad9fbd948a6c7670b9eeb443 av_one_full  avia-builder-el-3  el_after_av_hr  el_before_av_one_half  first flex_column_div av-zero-column-padding  '     ><section  class='av_textblock_section av-k9jubuee-bb74d3a8afe8ebdae2f2f946937bbdb6 '   itemscope=\"itemscope\" itemtype=\"https:\/\/schema.org\/CreativeWork\" ><div class='avia_textblock'  itemprop=\"text\" ><p>Hier finden Sie eine \u00dcbersicht \u00fcber \u00f6rtlich zust\u00e4ndige Schulen im Bereich des Amtes Warnow-West.<\/p>\n<\/div><\/section><\/div>\n<style type=\"text\/css\" data-created_by=\"avia_inline_auto\" id=\"style-css-av-f1ijq-9e535c9bf94844faff924475e3a667df\">\n.flex_column.av-f1ijq-9e535c9bf94844faff924475e3a667df{\nborder-radius:0px 0px 0px 0px;\npadding:0px 0px 0px 0px;\n}\n<\/style>\n<div  class='flex_column av-f1ijq-9e535c9bf94844faff924475e3a667df av_one_half  avia-builder-el-5  el_after_av_one_full  el_before_av_one_half  first av-break-at-tablet flex_column_div av-zero-column-padding  column-top-margin'     ><section  class='av_textblock_section av-kanrg0sh-6d16fa95823114a19781393f4dd0600d '   itemscope=\"itemscope\" itemtype=\"https:\/\/schema.org\/CreativeWork\" ><div class='avia_textblock'  itemprop=\"text\" ><h3>Grundschule Lichtenhagen<\/h3>\n<p><img loading=\"lazy\" decoding=\"async\" class=\"alignnone wp-image-1077 size-full\" src=\"https:\/\/www.amt-warnow-west.de\/leichte-sprache\/wp-content\/uploads\/Schule-Elmenhorst-Lichtenhagen.jpg\" alt=\"Grundschule Elmenhorst\/Lichtenhagen.\" width=\"900\" height=\"506\" srcset=\"https:\/\/www.amt-warnow-west.de\/leichte-sprache\/wp-content\/uploads\/Schule-Elmenhorst-Lichtenhagen.jpg 900w, https:\/\/www.amt-warnow-west.de\/leichte-sprache\/wp-content\/uploads\/Schule-Elmenhorst-Lichtenhagen-300x169.jpg 300w, https:\/\/www.amt-warnow-west.de\/leichte-sprache\/wp-content\/uploads\/Schule-Elmenhorst-Lichtenhagen-768x432.jpg 768w, https:\/\/www.amt-warnow-west.de\/leichte-sprache\/wp-content\/uploads\/Schule-Elmenhorst-Lichtenhagen-705x396.jpg 705w\" sizes=\"auto, (max-width: 900px) 100vw, 900px\" \/><br \/>\nDorfstra\u00dfe 40<br \/>\n18107 Elmenhorst\/Lichtenhagen<br \/>\nLeiterin: Frau Adam<br \/>\nTelefon: 0381 717125<br \/>\nFax: 0381 7955281<\/p>\n<p>E-Mail: <a href=\"mailto:gs-lichtenhagen-dorf.mv@t-online.de\">gs.lichtenhagen-dorf.mv@t-online.de<\/a><br \/>\nHomepage: <a href=\"http:\/\/www.grundschule-lichtenhagen.de\" target=\"_blank\" rel=\"noopener noreferrer\">www.grundschule-lichtenhagen.de<\/a><\/p>\n<p>\u00f6rtlich zust\u00e4ndige Grundschule f\u00fcr Sch\u00fcler der Gemeinde Elmenhorst\/Lichtenhagen<\/p>\n<\/div><\/section><\/div>\n<style type=\"text\/css\" data-created_by=\"avia_inline_auto\" id=\"style-css-av-asv6e-019a4470f2ea884d91d1a99e29b4f6b4\">\n.flex_column.av-asv6e-019a4470f2ea884d91d1a99e29b4f6b4{\nborder-radius:0px 0px 0px 0px;\npadding:0px 0px 0px 0px;\n}\n<\/style>\n<div  class='flex_column av-asv6e-019a4470f2ea884d91d1a99e29b4f6b4 av_one_half  avia-builder-el-7  el_after_av_one_half  el_before_av_one_half  av-break-at-tablet flex_column_div av-zero-column-padding  column-top-margin'     ><section  class='av_textblock_section av-kanrg0sh-6d16fa95823114a19781393f4dd0600d '   itemscope=\"itemscope\" itemtype=\"https:\/\/schema.org\/CreativeWork\" ><div class='avia_textblock'  itemprop=\"text\" ><h3>Regenbogenkinder Grundschule Kritzmow<\/h3>\n<p><img loading=\"lazy\" decoding=\"async\" class=\"alignnone size-full wp-image-1084\" src=\"https:\/\/www.amt-warnow-west.de\/leichte-sprache\/wp-content\/uploads\/Grundschule-Kritzmow-1.jpg\" alt=\"Grundschule Kritzmow\" width=\"901\" height=\"506\" srcset=\"https:\/\/www.amt-warnow-west.de\/leichte-sprache\/wp-content\/uploads\/Grundschule-Kritzmow-1.jpg 901w, https:\/\/www.amt-warnow-west.de\/leichte-sprache\/wp-content\/uploads\/Grundschule-Kritzmow-1-300x168.jpg 300w, https:\/\/www.amt-warnow-west.de\/leichte-sprache\/wp-content\/uploads\/Grundschule-Kritzmow-1-768x431.jpg 768w, https:\/\/www.amt-warnow-west.de\/leichte-sprache\/wp-content\/uploads\/Grundschule-Kritzmow-1-705x396.jpg 705w\" sizes=\"auto, (max-width: 901px) 100vw, 901px\" \/><\/p>\n<p>Schulweg 1 d<br \/>\n18198 Kritzmow<br \/>\nLeiterin: Frau Wietig<br \/>\nTelefon: 038207 769850<br \/>\nFax: 038207 769851<\/p>\n<p>E-Mail:\u00a0<a href=\"mailto:regenbogenkinder@grundschule-kritzmow.de\">regenbogenkinder@grundschule-kritzmow.de<\/a><\/p>\n<p>Homepage: <a href=\"http:\/\/regenbogenkinder.grundschule-kritzmow.de\/\" target=\"_blank\" rel=\"noopener noreferrer\">http:\/\/regenbogenkinder.grundschule-kritzmow.de<\/a><\/p>\n<p>\u00f6rtlich zust\u00e4ndige Grundschule f\u00fcr Sch\u00fcler der <span class='tooltipsall tooltipsincontent classtoolTips3'>Gemeinden<\/span> Kritzmow und St\u00e4below<\/p>\n<\/div><\/section><\/div>\n<style type=\"text\/css\" data-created_by=\"avia_inline_auto\" id=\"style-css-av-asv6e-ff6f9e595030625667ee8813914d94e3\">\n.flex_column.av-asv6e-ff6f9e595030625667ee8813914d94e3{\nborder-radius:0px 0px 0px 0px;\npadding:0px 0px 0px 0px;\n}\n<\/style>\n<div  class='flex_column av-asv6e-ff6f9e595030625667ee8813914d94e3 av_one_half  avia-builder-el-9  el_after_av_one_half  el_before_av_one_half  first av-break-at-tablet flex_column_div av-zero-column-padding  column-top-margin'     ><section  class='av_textblock_section av-kanrg0sh-6d16fa95823114a19781393f4dd0600d '   itemscope=\"itemscope\" itemtype=\"https:\/\/schema.org\/CreativeWork\" ><div class='avia_textblock'  itemprop=\"text\" ><h3>Warnowschule Papendorf \/ Regionale Schule mit Grundschule<\/h3>\n<p><img loading=\"lazy\" decoding=\"async\" class=\"alignnone size-full wp-image-1089\" src=\"https:\/\/www.amt-warnow-west.de\/leichte-sprache\/wp-content\/uploads\/Warnow-Schule-1.jpg\" alt=\"Warnowschule Papendorf \/ Regionale Schule mit Grundschule\" width=\"900\" height=\"500\" srcset=\"https:\/\/www.amt-warnow-west.de\/leichte-sprache\/wp-content\/uploads\/Warnow-Schule-1.jpg 900w, https:\/\/www.amt-warnow-west.de\/leichte-sprache\/wp-content\/uploads\/Warnow-Schule-1-300x167.jpg 300w, https:\/\/www.amt-warnow-west.de\/leichte-sprache\/wp-content\/uploads\/Warnow-Schule-1-768x427.jpg 768w, https:\/\/www.amt-warnow-west.de\/leichte-sprache\/wp-content\/uploads\/Warnow-Schule-1-705x392.jpg 705w\" sizes=\"auto, (max-width: 900px) 100vw, 900px\" \/><\/p>\n<p>Schulstra\u00dfe 5<br \/>\n18059 Papendorf<br \/>\nLeiterin: Frau Aloulou<br \/>\nTelefon: 0381 4000355<br \/>\nFax: 0381 4003902<\/p>\n<p>E-Mail: <a href=\"mailto:info@warnowschule.de\">info@warnowschule.de<\/a><br \/>\nHomepage:<a href=\"http:\/\/www.warnowschule.de\" target=\"_blank\" rel=\"noopener noreferrer\"> www.warnowschule.de<\/a><\/p>\n<p>\u2013 Ganztagsschule<br \/>\n\u2013 volle Halbtagsschule<\/p>\n<p>\u00f6rtlich zust\u00e4ndige Grundschule f\u00fcr Sch\u00fcler der Gemeinden Papendorf, P\u00f6lchow und Ziesendorf<\/p>\n<p>\u00f6rtlich zust\u00e4ndige Regionalschule f\u00fcr Sch\u00fcler der Gemeinden Kritzmow, Papendorf, P\u00f6lchow, St\u00e4below und Ziesendorf<\/p>\n<\/div><\/section><\/div>\n<style type=\"text\/css\" data-created_by=\"avia_inline_auto\" id=\"style-css-av-asv6e-019a4470f2ea884d91d1a99e29b4f6b4\">\n.flex_column.av-asv6e-019a4470f2ea884d91d1a99e29b4f6b4{\nborder-radius:0px 0px 0px 0px;\npadding:0px 0px 0px 0px;\n}\n<\/style>\n<div  class='flex_column av-asv6e-019a4470f2ea884d91d1a99e29b4f6b4 av_one_half  avia-builder-el-11  el_after_av_one_half  el_before_av_one_half  av-break-at-tablet flex_column_div av-zero-column-padding  column-top-margin'     ><section  class='av_textblock_section av-kanrg0sh-6d16fa95823114a19781393f4dd0600d '   itemscope=\"itemscope\" itemtype=\"https:\/\/schema.org\/CreativeWork\" ><div class='avia_textblock'  itemprop=\"text\" ><h3 class=\"av-special-heading-tag \">Hort der Gemeinde Elmenhorst\/Lichtenhagen<\/h3>\n<p><img loading=\"lazy\" decoding=\"async\" class=\"alignnone size-full wp-image-1079\" src=\"https:\/\/www.amt-warnow-west.de\/leichte-sprache\/wp-content\/uploads\/schulhort-Elmenhorst-1.jpg\" alt=\"Hort der Gemeinde Elmenhorst\/Lichtenhagen\" width=\"900\" height=\"506\" srcset=\"https:\/\/www.amt-warnow-west.de\/leichte-sprache\/wp-content\/uploads\/schulhort-Elmenhorst-1.jpg 900w, https:\/\/www.amt-warnow-west.de\/leichte-sprache\/wp-content\/uploads\/schulhort-Elmenhorst-1-300x169.jpg 300w, https:\/\/www.amt-warnow-west.de\/leichte-sprache\/wp-content\/uploads\/schulhort-Elmenhorst-1-768x432.jpg 768w, https:\/\/www.amt-warnow-west.de\/leichte-sprache\/wp-content\/uploads\/schulhort-Elmenhorst-1-705x396.jpg 705w\" sizes=\"auto, (max-width: 900px) 100vw, 900px\" \/><\/p>\n<p>Hort \u201eAn den M\u00fchlen\u201c<br \/>\nLichtenhagen<br \/>\nDorfstra\u00dfe 40<br \/>\n18107 Elmenhorst\/Lichtenhagen<br \/>\nTelefon: 0381 1284627<br \/>\nFax: 0381 1284627<br \/>\nE-Mail: <a href=\"https:\/\/www.amt-warnow-west.de\/horte\/hortandemMuehlen@ill-ev.de\">hortandenmuehlen@ill-ev.de<\/a><br \/>\nHompage: <a href=\"http:\/\/www.ill-ev.de\/\" target=\"_blank\" rel=\"noopener noreferrer\">www.ill-ev.de<\/a><\/p>\n<\/div><\/section><\/div>\n<style type=\"text\/css\" data-created_by=\"avia_inline_auto\" id=\"style-css-av-asv6e-ff6f9e595030625667ee8813914d94e3\">\n.flex_column.av-asv6e-ff6f9e595030625667ee8813914d94e3{\nborder-radius:0px 0px 0px 0px;\npadding:0px 0px 0px 0px;\n}\n<\/style>\n<div  class='flex_column av-asv6e-ff6f9e595030625667ee8813914d94e3 av_one_half  avia-builder-el-13  el_after_av_one_half  el_before_av_one_half  first av-break-at-tablet flex_column_div av-zero-column-padding  column-top-margin'     ><section  class='av_textblock_section av-kanrg0sh-6d16fa95823114a19781393f4dd0600d '   itemscope=\"itemscope\" itemtype=\"https:\/\/schema.org\/CreativeWork\" ><div class='avia_textblock'  itemprop=\"text\" ><h3 class=\"av-special-heading-tag \">Hort derGemeinde Kritzmow<\/h3>\n<p><img loading=\"lazy\" decoding=\"async\" class=\"alignnone size-full wp-image-1091\" src=\"https:\/\/www.amt-warnow-west.de\/leichte-sprache\/wp-content\/uploads\/schulhort-Kritzmow-1.jpg\" alt=\"Hort der Gemeinde Kritzmow\" width=\"900\" height=\"539\" srcset=\"https:\/\/www.amt-warnow-west.de\/leichte-sprache\/wp-content\/uploads\/schulhort-Kritzmow-1.jpg 900w, https:\/\/www.amt-warnow-west.de\/leichte-sprache\/wp-content\/uploads\/schulhort-Kritzmow-1-300x180.jpg 300w, https:\/\/www.amt-warnow-west.de\/leichte-sprache\/wp-content\/uploads\/schulhort-Kritzmow-1-768x460.jpg 768w, https:\/\/www.amt-warnow-west.de\/leichte-sprache\/wp-content\/uploads\/schulhort-Kritzmow-1-705x422.jpg 705w\" sizes=\"auto, (max-width: 900px) 100vw, 900px\" \/><\/p>\n<p class=\"av-special-heading-tag \">Hort der Kita \u201eSchwalbennest\u201c<br \/>\nSchulweg 1 f<br \/>\n18198 Kritzmow<br \/>\nTelefon: 038207 761994<br \/>\nFax: 038207 766532<\/p>\n<\/div><\/section><\/div>\n<style type=\"text\/css\" data-created_by=\"avia_inline_auto\" id=\"style-css-av-asv6e-f094540bb87dd93fee9616cff0dec79e\">\n.flex_column.av-asv6e-f094540bb87dd93fee9616cff0dec79e{\nborder-radius:0px 0px 0px 0px;\npadding:0px 0px 0px 0px;\n}\n<\/style>\n<div  class='flex_column av-asv6e-f094540bb87dd93fee9616cff0dec79e av_one_half  avia-builder-el-15  el_after_av_one_half  el_before_av_one_half  av-break-at-tablet flex_column_div av-zero-column-padding  column-top-margin'     ><section  class='av_textblock_section av-kanrg0sh-6d16fa95823114a19781393f4dd0600d '   itemscope=\"itemscope\" itemtype=\"https:\/\/schema.org\/CreativeWork\" ><div class='avia_textblock'  itemprop=\"text\" ><h3 class=\"av-special-heading-tag \">Hort der Gemeinde Lambrechtshagen<\/h3>\n<p><img loading=\"lazy\" decoding=\"async\" class=\"alignnone size-full wp-image-941\" src=\"https:\/\/www.amt-warnow-west.de\/leichte-sprache\/wp-content\/uploads\/kita-lambrechtshagen.jpg\" alt=\"Kita Speelhus an de Rotb\u00e4k\" width=\"800\" height=\"450\" srcset=\"https:\/\/www.amt-warnow-west.de\/leichte-sprache\/wp-content\/uploads\/kita-lambrechtshagen.jpg 800w, https:\/\/www.amt-warnow-west.de\/leichte-sprache\/wp-content\/uploads\/kita-lambrechtshagen-300x169.jpg 300w, https:\/\/www.amt-warnow-west.de\/leichte-sprache\/wp-content\/uploads\/kita-lambrechtshagen-768x432.jpg 768w, https:\/\/www.amt-warnow-west.de\/leichte-sprache\/wp-content\/uploads\/kita-lambrechtshagen-705x397.jpg 705w\" sizes=\"auto, (max-width: 800px) 100vw, 800px\" \/><\/p>\n<p>Kita \u201eSpeelhus an de Rotb\u00e4k\u201c<br \/>\nBauernreihe 2<br \/>\n18069 Lambrechtshagen<br \/>\nTelefon: 0381 8001722<br \/>\nFax: 0381 8001722<br \/>\nE-Mail: <a href=\"mailto:kita-lambrechtshagen@aufdertenne.de\">kita-lambrechtshagen@aufdertenne.de<\/a><br \/>\nHomepage: <a href=\"https:\/\/www.amt-warnow-west.de\/horte\/www.aufdertenne.de\">www.aufdertenne.de<\/a><\/p>\n<\/div><\/section><\/div>\n<style type=\"text\/css\" data-created_by=\"avia_inline_auto\" id=\"style-css-av-asv6e-ff6f9e595030625667ee8813914d94e3\">\n.flex_column.av-asv6e-ff6f9e595030625667ee8813914d94e3{\nborder-radius:0px 0px 0px 0px;\npadding:0px 0px 0px 0px;\n}\n<\/style>\n<div  class='flex_column av-asv6e-ff6f9e595030625667ee8813914d94e3 av_one_half  avia-builder-el-17  el_after_av_one_half  el_before_av_one_half  first av-break-at-tablet flex_column_div av-zero-column-padding  column-top-margin'     ><section  class='av_textblock_section av-kanrg0sh-6d16fa95823114a19781393f4dd0600d '   itemscope=\"itemscope\" itemtype=\"https:\/\/schema.org\/CreativeWork\" ><div class='avia_textblock'  itemprop=\"text\" ><h3 class=\"av-special-heading-tag \">Hort der Gemeinde Papendorf<\/h3>\n<p><img loading=\"lazy\" decoding=\"async\" class=\"alignnone size-full wp-image-946\" src=\"https:\/\/www.amt-warnow-west.de\/leichte-sprache\/wp-content\/uploads\/Kita-Papendorf.jpg\" alt=\"Kita Spatzenhaus in Papendorf\" width=\"800\" height=\"450\" srcset=\"https:\/\/www.amt-warnow-west.de\/leichte-sprache\/wp-content\/uploads\/Kita-Papendorf.jpg 800w, https:\/\/www.amt-warnow-west.de\/leichte-sprache\/wp-content\/uploads\/Kita-Papendorf-300x169.jpg 300w, https:\/\/www.amt-warnow-west.de\/leichte-sprache\/wp-content\/uploads\/Kita-Papendorf-768x432.jpg 768w, https:\/\/www.amt-warnow-west.de\/leichte-sprache\/wp-content\/uploads\/Kita-Papendorf-705x397.jpg 705w\" sizes=\"auto, (max-width: 800px) 100vw, 800px\" \/><\/p>\n<p>Kita \u201eSpatzenhaus\u201c<br \/>\nAlte Schule 2<br \/>\n18059 Papendorf<br \/>\nTelefon: 0381 4002985<br \/>\nFax: 0381 4034704<br \/>\nE-Mail: <a href=\"mailto:kita-papendorf@aufdertenne.de\">kita-papendorf@aufdertenne.de<\/a><br \/>\nHomepage: <a href=\"https:\/\/www.amt-warnow-west.de\/horte\/www.aufdertenne.de\">www.aufdertenne.de<\/a><\/p>\n<\/div><\/section><\/div>\n<style type=\"text\/css\" data-created_by=\"avia_inline_auto\" id=\"style-css-av-158na-7260bec3153a8cb1768f537a4b7bd3cd\">\n.flex_column.av-158na-7260bec3153a8cb1768f537a4b7bd3cd{\nborder-width:1px;\nborder-color:#000000;\nborder-style:solid;\nborder-radius:0px 0px 0px 0px;\npadding:20px 20px 20px 20px;\n}\n<\/style>\n<div  class='flex_column av-158na-7260bec3153a8cb1768f537a4b7bd3cd av_one_half  avia-builder-el-19  el_after_av_one_half  avia-builder-el-last  av-break-at-tablet flex_column_div  column-top-margin'     ><section  class='av_textblock_section av-kaphsgk7-6abce8789e1f96a09fd64c9bb91bd8c7 '   itemscope=\"itemscope\" itemtype=\"https:\/\/schema.org\/CreativeWork\" ><div class='avia_textblock'  itemprop=\"text\" ><h3><\/h3>\n<p><img loading=\"lazy\" decoding=\"async\" class=\"alignnone size-full wp-image-1044\" src=\"https:\/\/www.amt-warnow-west.de\/leichte-sprache\/wp-content\/uploads\/Ansprechpartner-Frau.png\" alt=\"Ihre Ansprechpartnerin im Amt.\" width=\"112\" height=\"190\" \/><\/p>\n<h3>Haben Sie Frage oder<br \/>\nben\u00f6tigen Sie Hilfe?<\/h3>\n<p><strong>Sachbearbeiterin Frau Kleinbauer<br \/>\n<\/strong>Telefon: 038207 633-59<br \/>\nE-Mail: <a href=\"mailto:a.kleinbauer@warnow-west.de\">a.kleinbauer@warnow-west.de<\/a><br \/>\nAufgabenbereich:<br \/>\nVerwaltung der Schulen<\/p>\n<p><strong>Sachbearbeiterin Frau Gr\u00f6ne<br \/>\n<\/strong>Telefon: 038207 633-57<br \/>\nE-Mail: <a href=\"mailto:a.groene@warnow-west.de%20%0d\">a.groene@warnow-west.de <\/a><br \/>\nAufgabenbereich:<br \/>\nBesuch \u00f6rtlich unzust\u00e4ndiger Schulen, Schullastenausgleich, Unterrichts- und Lernmittelkosten (Elternbeitr\u00e4ge)<\/p>\n<\/div><\/section><\/div><\/div><\/div><\/main><!-- close content main element --><\/div><\/div><div id='av_section_2'  class='avia-section av-urx3y-6044255cab96b55648ba6d3a70f67d88 main_color avia-section-default avia-no-border-styling  avia-builder-el-21  el_after_av_section  avia-builder-el-last  avia-bg-style-scroll container_wrap fullsize'  ><div class='container av-section-cont-open' ><div class='template-page content  av-content-full alpha units'><div class='post-entry post-entry-type-page post-entry-1072'><div class='entry-content-wrapper clearfix'>\n<section  class='av_textblock_section av-k9jubuee-bb74d3a8afe8ebdae2f2f946937bbdb6 '   itemscope=\"itemscope\" itemtype=\"https:\/\/schema.org\/CreativeWork\" ><div class='avia_textblock'  itemprop=\"text\" ><p>[backlink]<\/p>\n<\/div><\/section>\n<\/p>\n<script type=\"text\/javascript\"> toolTips('.classtoolTips3','Die folgenden Gemeinden werden vom Amt Warnow-West verwaltet und geh\u00f6ren zum Amts-Gebiet:<br\/>- Die Gemeinde Elmenhorst\/Lichtenhagen<br\/>- Die Gemeinde Lambrechtshagen<br\/>- Die Gemeinde St\u00e4below<br\/>- Die Gemeinde P\u00f6lchow<br\/>- Die Gemeinde Kritzmow<br\/>- Die Gemiende Ziesendorf<br\/>- Die Gemeinde Papendorf'); <\/script>","protected":false},"excerpt":{"rendered":"","protected":false},"author":1,"featured_media":0,"parent":0,"menu_order":0,"comment_status":"closed","ping_status":"closed","template":"","meta":{"footnotes":""},"tags":[],"class_list":["post-1072","page","type-page","status-publish","hentry"],"_links":{"self":[{"href":"https:\/\/www.amt-warnow-west.de\/leichte-sprache\/wp-json\/wp\/v2\/pages\/1072","targetHints":{"allow":["GET"]}}],"collection":[{"href":"https:\/\/www.amt-warnow-west.de\/leichte-sprache\/wp-json\/wp\/v2\/pages"}],"about":[{"href":"https:\/\/www.amt-warnow-west.de\/leichte-sprache\/wp-json\/wp\/v2\/types\/page"}],"author":[{"embeddable":true,"href":"https:\/\/www.amt-warnow-west.de\/leichte-sprache\/wp-json\/wp\/v2\/users\/1"}],"replies":[{"embeddable":true,"href":"https:\/\/www.amt-warnow-west.de\/leichte-sprache\/wp-json\/wp\/v2\/comments?post=1072"}],"version-history":[{"count":13,"href":"https:\/\/www.amt-warnow-west.de\/leichte-sprache\/wp-json\/wp\/v2\/pages\/1072\/revisions"}],"predecessor-version":[{"id":1095,"href":"https:\/\/www.amt-warnow-west.de\/leichte-sprache\/wp-json\/wp\/v2\/pages\/1072\/revisions\/1095"}],"wp:attachment":[{"href":"https:\/\/www.amt-warnow-west.de\/leichte-sprache\/wp-json\/wp\/v2\/media?parent=1072"}],"wp:term":[{"taxonomy":"post_tag","embeddable":true,"href":"https:\/\/www.amt-warnow-west.de\/leichte-sprache\/wp-json\/wp\/v2\/tags?post=1072"}],"curies":[{"name":"wp","href":"https:\/\/api.w.org\/{rel}","templated":true}]}}